{"id":8213,"date":"2021-05-03T11:48:24","date_gmt":"2021-05-03T11:48:24","guid":{"rendered":"https:\/\/www.braun-yachtcharter.com\/product\/my-wiki-ii\/"},"modified":"2021-05-03T11:51:22","modified_gmt":"2021-05-03T11:51:22","slug":"my-wiki-ii","status":"publish","type":"product","link":"https:\/\/www.braun-yachtcharter.com\/es\/product\/my-wiki-ii\/","title":{"rendered":"MY WIKI II"},"content":{"rendered":"","protected":false},"excerpt":{"rendered":"<p><strong><a href=\"https:\/\/www.braun-yachtcharter.com\/es\/boats\/my-wiki-ii\">&lt; VOLVER<\/a><\/strong><\/p>\n<p><strong>Mayo y octubre:<\/strong> D\u00eda 1000 \u20ac Semana 7000 \u20ac<br \/>\n<strong>Junio y septiembre:<\/strong> D\u00eda 1200 \u20ac Semana 8400 \u20ac<br \/>\n<strong>Julio y agosto:<\/strong> D\u00eda 1700 \u20ac Semana 12000 \u20ac<\/p>\n<p>Precios del barco incl. IMPUESTO<\/p>\n<p>Limpieza final obligatoria: 150 \u20ac d\u00eda &#8211; 250 \u20ac semana<br \/>\nPatr\u00f3n: 250 \u20ac D\u00eda &#8211;<br \/>\nEntrega sin tripulaci\u00f3n 150 \u20ac<br \/>\nFianza: D\u00eda 2000 \u20ac Semana 3000 \u20ac Sin patr\u00f3n<br \/>\n5000 \u20ac<br \/>\nBarco sin tripulaci\u00f3n m\u00ednimo 3 d\u00edas<br \/>\nToallas y ropa de cama 25 \u20ac X hu\u00e9sped &#8211; Toallas de playa 5 \u20ac X hu\u00e9sped<\/p>\n","protected":false},"featured_media":8209,"template":"","meta":[],"product_brand":[],"product_cat":[52],"product_tag":[],"class_list":{"0":"post-8213","1":"product","2":"type-product","3":"status-publish","4":"has-post-thumbnail","6":"product_cat-yachts-es","8":"first","9":"instock","10":"shipping-taxable","11":"purchasable","12":"product-type-simple"},"aioseo_notices":[],"_links":{"self":[{"href":"https:\/\/www.braun-yachtcharter.com\/es\/wp-json\/wp\/v2\/product\/8213","targetHints":{"allow":["GET"]}}],"collection":[{"href":"https:\/\/www.braun-yachtcharter.com\/es\/wp-json\/wp\/v2\/product"}],"about":[{"href":"https:\/\/www.braun-yachtcharter.com\/es\/wp-json\/wp\/v2\/types\/product"}],"wp:featuredmedia":[{"embeddable":true,"href":"https:\/\/www.braun-yachtcharter.com\/es\/wp-json\/wp\/v2\/media\/8209"}],"wp:attachment":[{"href":"https:\/\/www.braun-yachtcharter.com\/es\/wp-json\/wp\/v2\/media?parent=8213"}],"wp:term":[{"taxonomy":"product_brand","embeddable":true,"href":"https:\/\/www.braun-yachtcharter.com\/es\/wp-json\/wp\/v2\/product_brand?post=8213"},{"taxonomy":"product_cat","embeddable":true,"href":"https:\/\/www.braun-yachtcharter.com\/es\/wp-json\/wp\/v2\/product_cat?post=8213"},{"taxonomy":"product_tag","embeddable":true,"href":"https:\/\/www.braun-yachtcharter.com\/es\/wp-json\/wp\/v2\/product_tag?post=8213"}],"curies":[{"name":"wp","href":"https:\/\/api.w.org\/{rel}","templated":true}]}}